{"id":878,"date":"2017-11-25T13:30:28","date_gmt":"2017-11-25T13:30:28","guid":{"rendered":"https:\/\/hotelplatinia.bluzzversion.com\/home\/"},"modified":"2018-03-29T10:48:52","modified_gmt":"2018-03-29T10:48:52","slug":"home","status":"publish","type":"page","link":"https:\/\/hotelplatinia.ro\/en\/","title":{"rendered":"Home"},"content":{"rendered":"<p>Platinia Luxury Suites aduce o experien\u0163\u0103 hotelier\u0103 premium, unic\u0103 \u015fi memorabil\u0103, prin loca\u0163ia deosebit\u0103, design-ul contemporan \u0219i paleta complet\u0103 de servicii conexe.<\/p>\n","protected":false},"excerpt":{"rendered":"<p>Platinia Luxury Suites aduce o experien\u0163\u0103 hotelier\u0103 premium, unic\u0103 \u015fi memorabil\u0103, prin loca\u0163ia deosebit\u0103, design-ul contemporan \u0219i paleta complet\u0103 de<a href=\"https:\/\/hotelplatinia.ro\/en\/\" class=\"read-more\">Continue Reading<\/a><\/p>\n","protected":false},"author":1,"featured_media":0,"parent":0,"menu_order":0,"comment_status":"closed","ping_status":"closed","template":"","meta":{"content-type":"","_exactmetrics_skip_tracking":false,"_exactmetrics_sitenote_active":false,"_exactmetrics_sitenote_note":"","_exactmetrics_sitenote_category":0,"footnotes":""},"class_list":["post-878","page","type-page","status-publish","hentry"],"_links":{"self":[{"href":"https:\/\/hotelplatinia.ro\/en\/wp-json\/wp\/v2\/pages\/878","targetHints":{"allow":["GET"]}}],"collection":[{"href":"https:\/\/hotelplatinia.ro\/en\/wp-json\/wp\/v2\/pages"}],"about":[{"href":"https:\/\/hotelplatinia.ro\/en\/wp-json\/wp\/v2\/types\/page"}],"author":[{"embeddable":true,"href":"https:\/\/hotelplatinia.ro\/en\/wp-json\/wp\/v2\/users\/1"}],"replies":[{"embeddable":true,"href":"https:\/\/hotelplatinia.ro\/en\/wp-json\/wp\/v2\/comments?post=878"}],"version-history":[{"count":13,"href":"https:\/\/hotelplatinia.ro\/en\/wp-json\/wp\/v2\/pages\/878\/revisions"}],"predecessor-version":[{"id":994,"href":"https:\/\/hotelplatinia.ro\/en\/wp-json\/wp\/v2\/pages\/878\/revisions\/994"}],"wp:attachment":[{"href":"https:\/\/hotelplatinia.ro\/en\/wp-json\/wp\/v2\/media?parent=878"}],"curies":[{"name":"wp","href":"https:\/\/api.w.org\/{rel}","templated":true}]}}